{"id":14,"date":"2023-03-08T13:03:06","date_gmt":"2023-03-08T13:03:06","guid":{"rendered":"https:\/\/sarlsomep.fr\/?page_id=14"},"modified":"2023-03-13T12:32:45","modified_gmt":"2023-03-13T12:32:45","slug":"mecanique-de-precision","status":"publish","type":"page","link":"https:\/\/sarlsomep.fr\/?page_id=14","title":{"rendered":"M\u00e9canique de pr\u00e9cision"},"content":{"rendered":"\n<h2 class=\"wp-block-heading\" id=\"1753483137\">Fabrication m\u00e9canique de pr\u00e9cision \u00e0 Tierc\u00e9 dans le Maine-et-Loire<\/h2>\n\n\n\n<p><em>L&rsquo;urgent est d\u00e9j\u00e0 fait, l&rsquo;impossible est en cours, pour le miracle pr\u00e9voir 24 heures<\/em>&#8230;<\/p>\n\n\n\n<p>Bas\u00e9e \u00e0&nbsp;<strong>Tierc\u00e9<\/strong>&nbsp;non loin d&rsquo;<strong>Angers<\/strong>&nbsp;dans le d\u00e9partement du&nbsp;<strong>Maine-et-Loire<\/strong>&nbsp;, la&nbsp;<strong>SARL SOMEP<\/strong>&nbsp;est une entreprise sp\u00e9cialis\u00e9e dans la fabrication de pi\u00e8ces m\u00e9caniques.<\/p>\n\n\n\n<p>Entreprise exp\u00e9riment\u00e9e et innovatrice, cr\u00e9\u00e9e en 2003 et reprise en 2007, la&nbsp;<strong>SARL SOMEP<\/strong>&nbsp;c&rsquo;est l&rsquo;<strong>efficacit\u00e9<\/strong>&nbsp;alli\u00e9e \u00e0 la&nbsp;<strong>performance<\/strong>.<br><br>Nos services s&rsquo;adressent aux industries&nbsp;<strong>a\u00e9ronautiques<\/strong>, de la&nbsp;<strong>t\u00e9l\u00e9phonie<\/strong>,&nbsp;<strong>robotiques<\/strong>&#8230;<\/p>\n\n\n<div class=\"wp-block-image is-style-rounded\">\n<figure class=\"aligncenter size-full\"><img loading=\"lazy\" decoding=\"async\" width=\"613\" height=\"417\" src=\"https:\/\/sarlsomep.fr\/wp-content\/uploads\/2023\/03\/2023-03-08-144906.png\" alt=\"\" class=\"wp-image-26\" srcset=\"https:\/\/sarlsomep.fr\/wp-content\/uploads\/2023\/03\/2023-03-08-144906.png 613w, https:\/\/sarlsomep.fr\/wp-content\/uploads\/2023\/03\/2023-03-08-144906-300x204.png 300w\" sizes=\"auto, (max-width: 613px) 100vw, 613px\" \/><\/figure>\n<\/div>","protected":false},"excerpt":{"rendered":"<p>Fabrication m\u00e9canique de pr\u00e9cision \u00e0 Tierc\u00e9 dans le Maine-et-Loire L&rsquo;urgent est d\u00e9j\u00e0 fait, l&rsquo;impossible est en cours, pour le miracle pr\u00e9voir 24 heures&#8230; Bas\u00e9e \u00e0&nbsp;Tierc\u00e9&nbsp;non loin d&rsquo;Angers&nbsp;dans le d\u00e9partement du&nbsp;Maine-et-Loire&nbsp;, la&nbsp;SARL SOMEP&nbsp;est une entreprise sp\u00e9cialis\u00e9e dans la fabrication de pi\u00e8ces m\u00e9caniques. Entreprise exp\u00e9riment\u00e9e et innovatrice, cr\u00e9\u00e9e en 2003 et reprise en 2007, la&nbsp;SARL SOMEP&nbsp;c&rsquo;est l&rsquo;efficacit\u00e9&nbsp;alli\u00e9e [&hellip;]<\/p>\n","protected":false},"author":1,"featured_media":0,"parent":0,"menu_order":0,"comment_status":"closed","ping_status":"closed","template":"templates\/template-page-full-width.php","meta":{"_monsterinsights_skip_tracking":false,"_monsterinsights_sitenote_active":false,"_monsterinsights_sitenote_note":"","_monsterinsights_sitenote_category":0,"footnotes":""},"class_list":["post-14","page","type-page","status-publish","hentry"],"yoast_head":"<!-- This site is optimized with the Yoast SEO plugin v27.5 - https:\/\/yoast.com\/product\/yoast-seo-wordpress\/ -->\n<title>M\u00e9canique de pr\u00e9cision - SOMEP<\/title>\n<meta name=\"robots\" content=\"index, follow, max-snippet:-1, max-image-preview:large, max-video-preview:-1\" \/>\n<link rel=\"canonical\" href=\"https:\/\/sarlsomep.fr\/?page_id=14\" \/>\n<meta property=\"og:locale\" content=\"fr_FR\" \/>\n<meta property=\"og:type\" content=\"article\" \/>\n<meta property=\"og:title\" content=\"M\u00e9canique de pr\u00e9cision - SOMEP\" \/>\n<meta property=\"og:description\" content=\"Fabrication m\u00e9canique de pr\u00e9cision \u00e0 Tierc\u00e9 dans le Maine-et-Loire L&rsquo;urgent est d\u00e9j\u00e0 fait, l&rsquo;impossible est en cours, pour le miracle pr\u00e9voir 24 heures&#8230; Bas\u00e9e \u00e0&nbsp;Tierc\u00e9&nbsp;non loin d&rsquo;Angers&nbsp;dans le d\u00e9partement du&nbsp;Maine-et-Loire&nbsp;, la&nbsp;SARL SOMEP&nbsp;est une entreprise sp\u00e9cialis\u00e9e dans la fabrication de pi\u00e8ces m\u00e9caniques. Entreprise exp\u00e9riment\u00e9e et innovatrice, cr\u00e9\u00e9e en 2003 et reprise en 2007, la&nbsp;SARL SOMEP&nbsp;c&rsquo;est l&rsquo;efficacit\u00e9&nbsp;alli\u00e9e [&hellip;]\" \/>\n<meta property=\"og:url\" content=\"https:\/\/sarlsomep.fr\/?page_id=14\" \/>\n<meta property=\"og:site_name\" content=\"SOMEP\" \/>\n<meta property=\"article:modified_time\" content=\"2023-03-13T12:32:45+00:00\" \/>\n<meta property=\"og:image\" content=\"https:\/\/sarlsomep.fr\/wp-content\/uploads\/2023\/03\/2023-03-08-144906.png\" \/>\n<meta name=\"twitter:card\" content=\"summary_large_image\" \/>\n<meta name=\"twitter:label1\" content=\"Dur\u00e9e de lecture estim\u00e9e\" \/>\n\t<meta name=\"twitter:data1\" content=\"1 minute\" \/>\n<script type=\"application\/ld+json\" class=\"yoast-schema-graph\">{\"@context\":\"https:\\\/\\\/schema.org\",\"@graph\":[{\"@type\":\"WebPage\",\"@id\":\"https:\\\/\\\/sarlsomep.fr\\\/?page_id=14\",\"url\":\"https:\\\/\\\/sarlsomep.fr\\\/?page_id=14\",\"name\":\"M\u00e9canique de pr\u00e9cision - SOMEP\",\"isPartOf\":{\"@id\":\"https:\\\/\\\/sarlsomep.fr\\\/#website\"},\"primaryImageOfPage\":{\"@id\":\"https:\\\/\\\/sarlsomep.fr\\\/?page_id=14#primaryimage\"},\"image\":{\"@id\":\"https:\\\/\\\/sarlsomep.fr\\\/?page_id=14#primaryimage\"},\"thumbnailUrl\":\"https:\\\/\\\/sarlsomep.fr\\\/wp-content\\\/uploads\\\/2023\\\/03\\\/2023-03-08-144906.png\",\"datePublished\":\"2023-03-08T13:03:06+00:00\",\"dateModified\":\"2023-03-13T12:32:45+00:00\",\"breadcrumb\":{\"@id\":\"https:\\\/\\\/sarlsomep.fr\\\/?page_id=14#breadcrumb\"},\"inLanguage\":\"fr-FR\",\"potentialAction\":[{\"@type\":\"ReadAction\",\"target\":[\"https:\\\/\\\/sarlsomep.fr\\\/?page_id=14\"]}]},{\"@type\":\"ImageObject\",\"inLanguage\":\"fr-FR\",\"@id\":\"https:\\\/\\\/sarlsomep.fr\\\/?page_id=14#primaryimage\",\"url\":\"https:\\\/\\\/sarlsomep.fr\\\/wp-content\\\/uploads\\\/2023\\\/03\\\/2023-03-08-144906.png\",\"contentUrl\":\"https:\\\/\\\/sarlsomep.fr\\\/wp-content\\\/uploads\\\/2023\\\/03\\\/2023-03-08-144906.png\",\"width\":613,\"height\":417},{\"@type\":\"BreadcrumbList\",\"@id\":\"https:\\\/\\\/sarlsomep.fr\\\/?page_id=14#breadcrumb\",\"itemListElement\":[{\"@type\":\"ListItem\",\"position\":1,\"name\":\"Accueil\",\"item\":\"https:\\\/\\\/sarlsomep.fr\\\/\"},{\"@type\":\"ListItem\",\"position\":2,\"name\":\"M\u00e9canique de pr\u00e9cision\"}]},{\"@type\":\"WebSite\",\"@id\":\"https:\\\/\\\/sarlsomep.fr\\\/#website\",\"url\":\"https:\\\/\\\/sarlsomep.fr\\\/\",\"name\":\"SOMEP\",\"description\":\"\",\"publisher\":{\"@id\":\"https:\\\/\\\/sarlsomep.fr\\\/#organization\"},\"potentialAction\":[{\"@type\":\"SearchAction\",\"target\":{\"@type\":\"EntryPoint\",\"urlTemplate\":\"https:\\\/\\\/sarlsomep.fr\\\/?s={search_term_string}\"},\"query-input\":{\"@type\":\"PropertyValueSpecification\",\"valueRequired\":true,\"valueName\":\"search_term_string\"}}],\"inLanguage\":\"fr-FR\"},{\"@type\":\"Organization\",\"@id\":\"https:\\\/\\\/sarlsomep.fr\\\/#organization\",\"name\":\"SOMEP\",\"url\":\"https:\\\/\\\/sarlsomep.fr\\\/\",\"logo\":{\"@type\":\"ImageObject\",\"inLanguage\":\"fr-FR\",\"@id\":\"https:\\\/\\\/sarlsomep.fr\\\/#\\\/schema\\\/logo\\\/image\\\/\",\"url\":\"https:\\\/\\\/sarlsomep.fr\\\/wp-content\\\/uploads\\\/2023\\\/03\\\/logosomep2023.png\",\"contentUrl\":\"https:\\\/\\\/sarlsomep.fr\\\/wp-content\\\/uploads\\\/2023\\\/03\\\/logosomep2023.png\",\"width\":961,\"height\":501,\"caption\":\"SOMEP\"},\"image\":{\"@id\":\"https:\\\/\\\/sarlsomep.fr\\\/#\\\/schema\\\/logo\\\/image\\\/\"}}]}<\/script>\n<!-- \/ Yoast SEO plugin. -->","yoast_head_json":{"title":"M\u00e9canique de pr\u00e9cision - SOMEP","robots":{"index":"index","follow":"follow","max-snippet":"max-snippet:-1","max-image-preview":"max-image-preview:large","max-video-preview":"max-video-preview:-1"},"canonical":"https:\/\/sarlsomep.fr\/?page_id=14","og_locale":"fr_FR","og_type":"article","og_title":"M\u00e9canique de pr\u00e9cision - SOMEP","og_description":"Fabrication m\u00e9canique de pr\u00e9cision \u00e0 Tierc\u00e9 dans le Maine-et-Loire L&rsquo;urgent est d\u00e9j\u00e0 fait, l&rsquo;impossible est en cours, pour le miracle pr\u00e9voir 24 heures&#8230; Bas\u00e9e \u00e0&nbsp;Tierc\u00e9&nbsp;non loin d&rsquo;Angers&nbsp;dans le d\u00e9partement du&nbsp;Maine-et-Loire&nbsp;, la&nbsp;SARL SOMEP&nbsp;est une entreprise sp\u00e9cialis\u00e9e dans la fabrication de pi\u00e8ces m\u00e9caniques. Entreprise exp\u00e9riment\u00e9e et innovatrice, cr\u00e9\u00e9e en 2003 et reprise en 2007, la&nbsp;SARL SOMEP&nbsp;c&rsquo;est l&rsquo;efficacit\u00e9&nbsp;alli\u00e9e [&hellip;]","og_url":"https:\/\/sarlsomep.fr\/?page_id=14","og_site_name":"SOMEP","article_modified_time":"2023-03-13T12:32:45+00:00","og_image":[{"url":"https:\/\/sarlsomep.fr\/wp-content\/uploads\/2023\/03\/2023-03-08-144906.png","type":"","width":"","height":""}],"twitter_card":"summary_large_image","twitter_misc":{"Dur\u00e9e de lecture estim\u00e9e":"1 minute"},"schema":{"@context":"https:\/\/schema.org","@graph":[{"@type":"WebPage","@id":"https:\/\/sarlsomep.fr\/?page_id=14","url":"https:\/\/sarlsomep.fr\/?page_id=14","name":"M\u00e9canique de pr\u00e9cision - SOMEP","isPartOf":{"@id":"https:\/\/sarlsomep.fr\/#website"},"primaryImageOfPage":{"@id":"https:\/\/sarlsomep.fr\/?page_id=14#primaryimage"},"image":{"@id":"https:\/\/sarlsomep.fr\/?page_id=14#primaryimage"},"thumbnailUrl":"https:\/\/sarlsomep.fr\/wp-content\/uploads\/2023\/03\/2023-03-08-144906.png","datePublished":"2023-03-08T13:03:06+00:00","dateModified":"2023-03-13T12:32:45+00:00","breadcrumb":{"@id":"https:\/\/sarlsomep.fr\/?page_id=14#breadcrumb"},"inLanguage":"fr-FR","potentialAction":[{"@type":"ReadAction","target":["https:\/\/sarlsomep.fr\/?page_id=14"]}]},{"@type":"ImageObject","inLanguage":"fr-FR","@id":"https:\/\/sarlsomep.fr\/?page_id=14#primaryimage","url":"https:\/\/sarlsomep.fr\/wp-content\/uploads\/2023\/03\/2023-03-08-144906.png","contentUrl":"https:\/\/sarlsomep.fr\/wp-content\/uploads\/2023\/03\/2023-03-08-144906.png","width":613,"height":417},{"@type":"BreadcrumbList","@id":"https:\/\/sarlsomep.fr\/?page_id=14#breadcrumb","itemListElement":[{"@type":"ListItem","position":1,"name":"Accueil","item":"https:\/\/sarlsomep.fr\/"},{"@type":"ListItem","position":2,"name":"M\u00e9canique de pr\u00e9cision"}]},{"@type":"WebSite","@id":"https:\/\/sarlsomep.fr\/#website","url":"https:\/\/sarlsomep.fr\/","name":"SOMEP","description":"","publisher":{"@id":"https:\/\/sarlsomep.fr\/#organization"},"potentialAction":[{"@type":"SearchAction","target":{"@type":"EntryPoint","urlTemplate":"https:\/\/sarlsomep.fr\/?s={search_term_string}"},"query-input":{"@type":"PropertyValueSpecification","valueRequired":true,"valueName":"search_term_string"}}],"inLanguage":"fr-FR"},{"@type":"Organization","@id":"https:\/\/sarlsomep.fr\/#organization","name":"SOMEP","url":"https:\/\/sarlsomep.fr\/","logo":{"@type":"ImageObject","inLanguage":"fr-FR","@id":"https:\/\/sarlsomep.fr\/#\/schema\/logo\/image\/","url":"https:\/\/sarlsomep.fr\/wp-content\/uploads\/2023\/03\/logosomep2023.png","contentUrl":"https:\/\/sarlsomep.fr\/wp-content\/uploads\/2023\/03\/logosomep2023.png","width":961,"height":501,"caption":"SOMEP"},"image":{"@id":"https:\/\/sarlsomep.fr\/#\/schema\/logo\/image\/"}}]}},"_links":{"self":[{"href":"https:\/\/sarlsomep.fr\/index.php?rest_route=\/wp\/v2\/pages\/14","targetHints":{"allow":["GET"]}}],"collection":[{"href":"https:\/\/sarlsomep.fr\/index.php?rest_route=\/wp\/v2\/pages"}],"about":[{"href":"https:\/\/sarlsomep.fr\/index.php?rest_route=\/wp\/v2\/types\/page"}],"author":[{"embeddable":true,"href":"https:\/\/sarlsomep.fr\/index.php?rest_route=\/wp\/v2\/users\/1"}],"replies":[{"embeddable":true,"href":"https:\/\/sarlsomep.fr\/index.php?rest_route=%2Fwp%2Fv2%2Fcomments&post=14"}],"version-history":[{"count":6,"href":"https:\/\/sarlsomep.fr\/index.php?rest_route=\/wp\/v2\/pages\/14\/revisions"}],"predecessor-version":[{"id":101,"href":"https:\/\/sarlsomep.fr\/index.php?rest_route=\/wp\/v2\/pages\/14\/revisions\/101"}],"wp:attachment":[{"href":"https:\/\/sarlsomep.fr\/index.php?rest_route=%2Fwp%2Fv2%2Fmedia&parent=14"}],"curies":[{"name":"wp","href":"https:\/\/api.w.org\/{rel}","templated":true}]}}