{"id":16,"date":"2023-03-08T13:04:19","date_gmt":"2023-03-08T13:04:19","guid":{"rendered":"https:\/\/sarlsomep.fr\/?page_id=16"},"modified":"2023-03-09T09:56:27","modified_gmt":"2023-03-09T09:56:27","slug":"tournage-fraisage-et-decolletage-de-vos-pieces-mecaniques","status":"publish","type":"page","link":"https:\/\/sarlsomep.fr\/?page_id=16","title":{"rendered":"Tournage\u00a0 fraisage et\u00a0 d\u00e9colletage de vos pi\u00e8ces m\u00e9caniques"},"content":{"rendered":"\n<p>Gr\u00e2ce \u00e0 notre \u00e9quipe qualifi\u00e9e et nos \u00e9quipements performants, nous nous chargeons du&nbsp;<strong>tournage<\/strong>, du&nbsp;<strong>fraisage<\/strong>&nbsp;et du&nbsp;<strong>d\u00e9colletage<\/strong>&nbsp;de vos&nbsp;<strong>pi\u00e8ces m\u00e9caniques<\/strong>&nbsp;en&nbsp;<strong>petites<\/strong>,&nbsp;<strong>moyennes<\/strong>&nbsp;et&nbsp;<strong>grandes s\u00e9ries<\/strong>&nbsp;pour un r\u00e9sultat \u00e0 la hauteur de vos attentes.<\/p>\n\n\n\n<p>Nos services s&rsquo;adressent \u00e0&nbsp;<strong>tous<\/strong>&nbsp;les&nbsp;<strong>domaines d&rsquo;activit\u00e9s<\/strong>&nbsp;:&nbsp;<strong>a\u00e9ronautique, robotique, t\u00e9l\u00e9phonie<\/strong>&#8230;<\/p>\n\n\n\n<p>Nous pouvons traiter vos&nbsp;<strong>commandes en petites<\/strong>,&nbsp;<strong>moyennes et grandes s\u00e9ries<\/strong>&nbsp;au&nbsp;<strong>niveau national<\/strong>, notamment \u00e0&nbsp;<strong>Paris<\/strong>, et dans les d\u00e9partements limitrophes tels que la&nbsp;<strong>Mayenne<\/strong>, la&nbsp;<strong>Sarthe<\/strong>, la&nbsp;<strong>Loire-Atlantique<\/strong>&nbsp;et les&nbsp;<strong>Deux-S\u00e8vres<\/strong>.<\/p>\n","protected":false},"excerpt":{"rendered":"<p>Gr\u00e2ce \u00e0 notre \u00e9quipe qualifi\u00e9e et nos \u00e9quipements performants, nous nous chargeons du&nbsp;tournage, du&nbsp;fraisage&nbsp;et du&nbsp;d\u00e9colletage&nbsp;de vos&nbsp;pi\u00e8ces m\u00e9caniques&nbsp;en&nbsp;petites,&nbsp;moyennes&nbsp;et&nbsp;grandes s\u00e9ries&nbsp;pour un r\u00e9sultat \u00e0 la hauteur de vos attentes. Nos services s&rsquo;adressent \u00e0&nbsp;tous&nbsp;les&nbsp;domaines d&rsquo;activit\u00e9s&nbsp;:&nbsp;a\u00e9ronautique, robotique, t\u00e9l\u00e9phonie&#8230; Nous pouvons traiter vos&nbsp;commandes en petites,&nbsp;moyennes et grandes s\u00e9ries&nbsp;au&nbsp;niveau national, notamment \u00e0&nbsp;Paris, et dans les d\u00e9partements limitrophes tels que la&nbsp;Mayenne, la&nbsp;Sarthe, la&nbsp;Loire-Atlantique&nbsp;et [&hellip;]<\/p>\n","protected":false},"author":1,"featured_media":0,"parent":0,"menu_order":0,"comment_status":"closed","ping_status":"closed","template":"templates\/template-page-full-width.php","meta":{"_monsterinsights_skip_tracking":false,"_monsterinsights_sitenote_active":false,"_monsterinsights_sitenote_note":"","_monsterinsights_sitenote_category":0,"footnotes":""},"class_list":["post-16","page","type-page","status-publish","hentry"],"yoast_head":"<!-- This site is optimized with the Yoast SEO plugin v27.5 - https:\/\/yoast.com\/product\/yoast-seo-wordpress\/ -->\n<title>Tournage\u00a0 fraisage et\u00a0 d\u00e9colletage de vos pi\u00e8ces m\u00e9caniques - SOMEP<\/title>\n<meta name=\"robots\" content=\"index, follow, max-snippet:-1, max-image-preview:large, max-video-preview:-1\" \/>\n<link rel=\"canonical\" href=\"https:\/\/sarlsomep.fr\/?page_id=16\" \/>\n<meta property=\"og:locale\" content=\"fr_FR\" \/>\n<meta property=\"og:type\" content=\"article\" \/>\n<meta property=\"og:title\" content=\"Tournage\u00a0 fraisage et\u00a0 d\u00e9colletage de vos pi\u00e8ces m\u00e9caniques - SOMEP\" \/>\n<meta property=\"og:description\" content=\"Gr\u00e2ce \u00e0 notre \u00e9quipe qualifi\u00e9e et nos \u00e9quipements performants, nous nous chargeons du&nbsp;tournage, du&nbsp;fraisage&nbsp;et du&nbsp;d\u00e9colletage&nbsp;de vos&nbsp;pi\u00e8ces m\u00e9caniques&nbsp;en&nbsp;petites,&nbsp;moyennes&nbsp;et&nbsp;grandes s\u00e9ries&nbsp;pour un r\u00e9sultat \u00e0 la hauteur de vos attentes. Nos services s&rsquo;adressent \u00e0&nbsp;tous&nbsp;les&nbsp;domaines d&rsquo;activit\u00e9s&nbsp;:&nbsp;a\u00e9ronautique, robotique, t\u00e9l\u00e9phonie&#8230; Nous pouvons traiter vos&nbsp;commandes en petites,&nbsp;moyennes et grandes s\u00e9ries&nbsp;au&nbsp;niveau national, notamment \u00e0&nbsp;Paris, et dans les d\u00e9partements limitrophes tels que la&nbsp;Mayenne, la&nbsp;Sarthe, la&nbsp;Loire-Atlantique&nbsp;et [&hellip;]\" \/>\n<meta property=\"og:url\" content=\"https:\/\/sarlsomep.fr\/?page_id=16\" \/>\n<meta property=\"og:site_name\" content=\"SOMEP\" \/>\n<meta property=\"article:modified_time\" content=\"2023-03-09T09:56:27+00:00\" \/>\n<meta name=\"twitter:card\" content=\"summary_large_image\" \/>\n<meta name=\"twitter:label1\" content=\"Dur\u00e9e de lecture estim\u00e9e\" \/>\n\t<meta name=\"twitter:data1\" content=\"1 minute\" \/>\n<script type=\"application\/ld+json\" class=\"yoast-schema-graph\">{\"@context\":\"https:\\\/\\\/schema.org\",\"@graph\":[{\"@type\":\"WebPage\",\"@id\":\"https:\\\/\\\/sarlsomep.fr\\\/?page_id=16\",\"url\":\"https:\\\/\\\/sarlsomep.fr\\\/?page_id=16\",\"name\":\"Tournage\u00a0 fraisage et\u00a0 d\u00e9colletage de vos pi\u00e8ces m\u00e9caniques - SOMEP\",\"isPartOf\":{\"@id\":\"https:\\\/\\\/sarlsomep.fr\\\/#website\"},\"datePublished\":\"2023-03-08T13:04:19+00:00\",\"dateModified\":\"2023-03-09T09:56:27+00:00\",\"breadcrumb\":{\"@id\":\"https:\\\/\\\/sarlsomep.fr\\\/?page_id=16#breadcrumb\"},\"inLanguage\":\"fr-FR\",\"potentialAction\":[{\"@type\":\"ReadAction\",\"target\":[\"https:\\\/\\\/sarlsomep.fr\\\/?page_id=16\"]}]},{\"@type\":\"BreadcrumbList\",\"@id\":\"https:\\\/\\\/sarlsomep.fr\\\/?page_id=16#breadcrumb\",\"itemListElement\":[{\"@type\":\"ListItem\",\"position\":1,\"name\":\"Accueil\",\"item\":\"https:\\\/\\\/sarlsomep.fr\\\/\"},{\"@type\":\"ListItem\",\"position\":2,\"name\":\"Tournage\u00a0 fraisage et\u00a0 d\u00e9colletage de vos pi\u00e8ces m\u00e9caniques\"}]},{\"@type\":\"WebSite\",\"@id\":\"https:\\\/\\\/sarlsomep.fr\\\/#website\",\"url\":\"https:\\\/\\\/sarlsomep.fr\\\/\",\"name\":\"SOMEP\",\"description\":\"\",\"publisher\":{\"@id\":\"https:\\\/\\\/sarlsomep.fr\\\/#organization\"},\"potentialAction\":[{\"@type\":\"SearchAction\",\"target\":{\"@type\":\"EntryPoint\",\"urlTemplate\":\"https:\\\/\\\/sarlsomep.fr\\\/?s={search_term_string}\"},\"query-input\":{\"@type\":\"PropertyValueSpecification\",\"valueRequired\":true,\"valueName\":\"search_term_string\"}}],\"inLanguage\":\"fr-FR\"},{\"@type\":\"Organization\",\"@id\":\"https:\\\/\\\/sarlsomep.fr\\\/#organization\",\"name\":\"SOMEP\",\"url\":\"https:\\\/\\\/sarlsomep.fr\\\/\",\"logo\":{\"@type\":\"ImageObject\",\"inLanguage\":\"fr-FR\",\"@id\":\"https:\\\/\\\/sarlsomep.fr\\\/#\\\/schema\\\/logo\\\/image\\\/\",\"url\":\"https:\\\/\\\/sarlsomep.fr\\\/wp-content\\\/uploads\\\/2023\\\/03\\\/logosomep2023.png\",\"contentUrl\":\"https:\\\/\\\/sarlsomep.fr\\\/wp-content\\\/uploads\\\/2023\\\/03\\\/logosomep2023.png\",\"width\":961,\"height\":501,\"caption\":\"SOMEP\"},\"image\":{\"@id\":\"https:\\\/\\\/sarlsomep.fr\\\/#\\\/schema\\\/logo\\\/image\\\/\"}}]}<\/script>\n<!-- \/ Yoast SEO plugin. -->","yoast_head_json":{"title":"Tournage\u00a0 fraisage et\u00a0 d\u00e9colletage de vos pi\u00e8ces m\u00e9caniques - SOMEP","robots":{"index":"index","follow":"follow","max-snippet":"max-snippet:-1","max-image-preview":"max-image-preview:large","max-video-preview":"max-video-preview:-1"},"canonical":"https:\/\/sarlsomep.fr\/?page_id=16","og_locale":"fr_FR","og_type":"article","og_title":"Tournage\u00a0 fraisage et\u00a0 d\u00e9colletage de vos pi\u00e8ces m\u00e9caniques - SOMEP","og_description":"Gr\u00e2ce \u00e0 notre \u00e9quipe qualifi\u00e9e et nos \u00e9quipements performants, nous nous chargeons du&nbsp;tournage, du&nbsp;fraisage&nbsp;et du&nbsp;d\u00e9colletage&nbsp;de vos&nbsp;pi\u00e8ces m\u00e9caniques&nbsp;en&nbsp;petites,&nbsp;moyennes&nbsp;et&nbsp;grandes s\u00e9ries&nbsp;pour un r\u00e9sultat \u00e0 la hauteur de vos attentes. Nos services s&rsquo;adressent \u00e0&nbsp;tous&nbsp;les&nbsp;domaines d&rsquo;activit\u00e9s&nbsp;:&nbsp;a\u00e9ronautique, robotique, t\u00e9l\u00e9phonie&#8230; Nous pouvons traiter vos&nbsp;commandes en petites,&nbsp;moyennes et grandes s\u00e9ries&nbsp;au&nbsp;niveau national, notamment \u00e0&nbsp;Paris, et dans les d\u00e9partements limitrophes tels que la&nbsp;Mayenne, la&nbsp;Sarthe, la&nbsp;Loire-Atlantique&nbsp;et [&hellip;]","og_url":"https:\/\/sarlsomep.fr\/?page_id=16","og_site_name":"SOMEP","article_modified_time":"2023-03-09T09:56:27+00:00","twitter_card":"summary_large_image","twitter_misc":{"Dur\u00e9e de lecture estim\u00e9e":"1 minute"},"schema":{"@context":"https:\/\/schema.org","@graph":[{"@type":"WebPage","@id":"https:\/\/sarlsomep.fr\/?page_id=16","url":"https:\/\/sarlsomep.fr\/?page_id=16","name":"Tournage\u00a0 fraisage et\u00a0 d\u00e9colletage de vos pi\u00e8ces m\u00e9caniques - SOMEP","isPartOf":{"@id":"https:\/\/sarlsomep.fr\/#website"},"datePublished":"2023-03-08T13:04:19+00:00","dateModified":"2023-03-09T09:56:27+00:00","breadcrumb":{"@id":"https:\/\/sarlsomep.fr\/?page_id=16#breadcrumb"},"inLanguage":"fr-FR","potentialAction":[{"@type":"ReadAction","target":["https:\/\/sarlsomep.fr\/?page_id=16"]}]},{"@type":"BreadcrumbList","@id":"https:\/\/sarlsomep.fr\/?page_id=16#breadcrumb","itemListElement":[{"@type":"ListItem","position":1,"name":"Accueil","item":"https:\/\/sarlsomep.fr\/"},{"@type":"ListItem","position":2,"name":"Tournage\u00a0 fraisage et\u00a0 d\u00e9colletage de vos pi\u00e8ces m\u00e9caniques"}]},{"@type":"WebSite","@id":"https:\/\/sarlsomep.fr\/#website","url":"https:\/\/sarlsomep.fr\/","name":"SOMEP","description":"","publisher":{"@id":"https:\/\/sarlsomep.fr\/#organization"},"potentialAction":[{"@type":"SearchAction","target":{"@type":"EntryPoint","urlTemplate":"https:\/\/sarlsomep.fr\/?s={search_term_string}"},"query-input":{"@type":"PropertyValueSpecification","valueRequired":true,"valueName":"search_term_string"}}],"inLanguage":"fr-FR"},{"@type":"Organization","@id":"https:\/\/sarlsomep.fr\/#organization","name":"SOMEP","url":"https:\/\/sarlsomep.fr\/","logo":{"@type":"ImageObject","inLanguage":"fr-FR","@id":"https:\/\/sarlsomep.fr\/#\/schema\/logo\/image\/","url":"https:\/\/sarlsomep.fr\/wp-content\/uploads\/2023\/03\/logosomep2023.png","contentUrl":"https:\/\/sarlsomep.fr\/wp-content\/uploads\/2023\/03\/logosomep2023.png","width":961,"height":501,"caption":"SOMEP"},"image":{"@id":"https:\/\/sarlsomep.fr\/#\/schema\/logo\/image\/"}}]}},"_links":{"self":[{"href":"https:\/\/sarlsomep.fr\/index.php?rest_route=\/wp\/v2\/pages\/16","targetHints":{"allow":["GET"]}}],"collection":[{"href":"https:\/\/sarlsomep.fr\/index.php?rest_route=\/wp\/v2\/pages"}],"about":[{"href":"https:\/\/sarlsomep.fr\/index.php?rest_route=\/wp\/v2\/types\/page"}],"author":[{"embeddable":true,"href":"https:\/\/sarlsomep.fr\/index.php?rest_route=\/wp\/v2\/users\/1"}],"replies":[{"embeddable":true,"href":"https:\/\/sarlsomep.fr\/index.php?rest_route=%2Fwp%2Fv2%2Fcomments&post=16"}],"version-history":[{"count":1,"href":"https:\/\/sarlsomep.fr\/index.php?rest_route=\/wp\/v2\/pages\/16\/revisions"}],"predecessor-version":[{"id":17,"href":"https:\/\/sarlsomep.fr\/index.php?rest_route=\/wp\/v2\/pages\/16\/revisions\/17"}],"wp:attachment":[{"href":"https:\/\/sarlsomep.fr\/index.php?rest_route=%2Fwp%2Fv2%2Fmedia&parent=16"}],"curies":[{"name":"wp","href":"https:\/\/api.w.org\/{rel}","templated":true}]}}