{"id":7,"date":"2023-01-20T09:23:16","date_gmt":"2023-01-20T09:23:16","guid":{"rendered":"https:\/\/sarlsomep.fr\/?page_id=7"},"modified":"2023-03-08T13:01:17","modified_gmt":"2023-03-08T13:01:17","slug":"home","status":"publish","type":"page","link":"https:\/\/sarlsomep.fr\/","title":{"rendered":"Accueil"},"content":{"rendered":"\n<h1 class=\"wp-block-heading\" id=\"1127076986\">SARL Somep Tournage de pi\u00e8ces m\u00e9caniques \u00e0 Tierc\u00e9&nbsp;<\/h1>\n\n\n\n<p>M\u00e9canique de pr\u00e9cision<\/p>\n\n\n\n<p>Tournage Fraisage<\/p>\n","protected":false},"excerpt":{"rendered":"<p>SARL Somep Tournage de pi\u00e8ces m\u00e9caniques \u00e0 Tierc\u00e9&nbsp; M\u00e9canique de pr\u00e9cision Tournage Fraisage<\/p>\n","protected":false},"author":1,"featured_media":0,"parent":0,"menu_order":0,"comment_status":"closed","ping_status":"closed","template":"templates\/template-homepage.php","meta":{"_monsterinsights_skip_tracking":false,"_monsterinsights_sitenote_active":false,"_monsterinsights_sitenote_note":"","_monsterinsights_sitenote_category":0,"footnotes":""},"class_list":["post-7","page","type-page","status-publish","hentry"],"yoast_head":"<!-- This site is optimized with the Yoast SEO plugin v27.5 - https:\/\/yoast.com\/product\/yoast-seo-wordpress\/ -->\n<title>Accueil - SOMEP<\/title>\n<meta name=\"robots\" content=\"index, follow, max-snippet:-1, max-image-preview:large, max-video-preview:-1\" \/>\n<link rel=\"canonical\" href=\"https:\/\/sarlsomep.fr\/\" \/>\n<meta property=\"og:locale\" content=\"fr_FR\" \/>\n<meta property=\"og:type\" content=\"article\" \/>\n<meta property=\"og:title\" content=\"Accueil - SOMEP\" \/>\n<meta property=\"og:description\" content=\"SARL Somep Tournage de pi\u00e8ces m\u00e9caniques \u00e0 Tierc\u00e9&nbsp; M\u00e9canique de pr\u00e9cision Tournage Fraisage\" \/>\n<meta property=\"og:url\" content=\"https:\/\/sarlsomep.fr\/\" \/>\n<meta property=\"og:site_name\" content=\"SOMEP\" \/>\n<meta property=\"article:modified_time\" content=\"2023-03-08T13:01:17+00:00\" \/>\n<meta name=\"twitter:card\" content=\"summary_large_image\" \/>\n<meta name=\"twitter:label1\" content=\"Dur\u00e9e de lecture estim\u00e9e\" \/>\n\t<meta name=\"twitter:data1\" content=\"1 minute\" \/>\n<script type=\"application\/ld+json\" class=\"yoast-schema-graph\">{\"@context\":\"https:\\\/\\\/schema.org\",\"@graph\":[{\"@type\":\"WebPage\",\"@id\":\"https:\\\/\\\/sarlsomep.fr\\\/\",\"url\":\"https:\\\/\\\/sarlsomep.fr\\\/\",\"name\":\"Accueil - SOMEP\",\"isPartOf\":{\"@id\":\"https:\\\/\\\/sarlsomep.fr\\\/#website\"},\"datePublished\":\"2023-01-20T09:23:16+00:00\",\"dateModified\":\"2023-03-08T13:01:17+00:00\",\"breadcrumb\":{\"@id\":\"https:\\\/\\\/sarlsomep.fr\\\/#breadcrumb\"},\"inLanguage\":\"fr-FR\",\"potentialAction\":[{\"@type\":\"ReadAction\",\"target\":[\"https:\\\/\\\/sarlsomep.fr\\\/\"]}]},{\"@type\":\"BreadcrumbList\",\"@id\":\"https:\\\/\\\/sarlsomep.fr\\\/#breadcrumb\",\"itemListElement\":[{\"@type\":\"ListItem\",\"position\":1,\"name\":\"Accueil\",\"item\":\"https:\\\/\\\/sarlsomep.fr\\\/\"},{\"@type\":\"ListItem\",\"position\":2,\"name\":\"Accueil\"}]},{\"@type\":\"WebSite\",\"@id\":\"https:\\\/\\\/sarlsomep.fr\\\/#website\",\"url\":\"https:\\\/\\\/sarlsomep.fr\\\/\",\"name\":\"SOMEP\",\"description\":\"\",\"publisher\":{\"@id\":\"https:\\\/\\\/sarlsomep.fr\\\/#organization\"},\"potentialAction\":[{\"@type\":\"SearchAction\",\"target\":{\"@type\":\"EntryPoint\",\"urlTemplate\":\"https:\\\/\\\/sarlsomep.fr\\\/?s={search_term_string}\"},\"query-input\":{\"@type\":\"PropertyValueSpecification\",\"valueRequired\":true,\"valueName\":\"search_term_string\"}}],\"inLanguage\":\"fr-FR\"},{\"@type\":\"Organization\",\"@id\":\"https:\\\/\\\/sarlsomep.fr\\\/#organization\",\"name\":\"SOMEP\",\"url\":\"https:\\\/\\\/sarlsomep.fr\\\/\",\"logo\":{\"@type\":\"ImageObject\",\"inLanguage\":\"fr-FR\",\"@id\":\"https:\\\/\\\/sarlsomep.fr\\\/#\\\/schema\\\/logo\\\/image\\\/\",\"url\":\"https:\\\/\\\/sarlsomep.fr\\\/wp-content\\\/uploads\\\/2023\\\/03\\\/logosomep2023.png\",\"contentUrl\":\"https:\\\/\\\/sarlsomep.fr\\\/wp-content\\\/uploads\\\/2023\\\/03\\\/logosomep2023.png\",\"width\":961,\"height\":501,\"caption\":\"SOMEP\"},\"image\":{\"@id\":\"https:\\\/\\\/sarlsomep.fr\\\/#\\\/schema\\\/logo\\\/image\\\/\"}}]}<\/script>\n<!-- \/ Yoast SEO plugin. -->","yoast_head_json":{"title":"Accueil - SOMEP","robots":{"index":"index","follow":"follow","max-snippet":"max-snippet:-1","max-image-preview":"max-image-preview:large","max-video-preview":"max-video-preview:-1"},"canonical":"https:\/\/sarlsomep.fr\/","og_locale":"fr_FR","og_type":"article","og_title":"Accueil - SOMEP","og_description":"SARL Somep Tournage de pi\u00e8ces m\u00e9caniques \u00e0 Tierc\u00e9&nbsp; M\u00e9canique de pr\u00e9cision Tournage Fraisage","og_url":"https:\/\/sarlsomep.fr\/","og_site_name":"SOMEP","article_modified_time":"2023-03-08T13:01:17+00:00","twitter_card":"summary_large_image","twitter_misc":{"Dur\u00e9e de lecture estim\u00e9e":"1 minute"},"schema":{"@context":"https:\/\/schema.org","@graph":[{"@type":"WebPage","@id":"https:\/\/sarlsomep.fr\/","url":"https:\/\/sarlsomep.fr\/","name":"Accueil - SOMEP","isPartOf":{"@id":"https:\/\/sarlsomep.fr\/#website"},"datePublished":"2023-01-20T09:23:16+00:00","dateModified":"2023-03-08T13:01:17+00:00","breadcrumb":{"@id":"https:\/\/sarlsomep.fr\/#breadcrumb"},"inLanguage":"fr-FR","potentialAction":[{"@type":"ReadAction","target":["https:\/\/sarlsomep.fr\/"]}]},{"@type":"BreadcrumbList","@id":"https:\/\/sarlsomep.fr\/#breadcrumb","itemListElement":[{"@type":"ListItem","position":1,"name":"Accueil","item":"https:\/\/sarlsomep.fr\/"},{"@type":"ListItem","position":2,"name":"Accueil"}]},{"@type":"WebSite","@id":"https:\/\/sarlsomep.fr\/#website","url":"https:\/\/sarlsomep.fr\/","name":"SOMEP","description":"","publisher":{"@id":"https:\/\/sarlsomep.fr\/#organization"},"potentialAction":[{"@type":"SearchAction","target":{"@type":"EntryPoint","urlTemplate":"https:\/\/sarlsomep.fr\/?s={search_term_string}"},"query-input":{"@type":"PropertyValueSpecification","valueRequired":true,"valueName":"search_term_string"}}],"inLanguage":"fr-FR"},{"@type":"Organization","@id":"https:\/\/sarlsomep.fr\/#organization","name":"SOMEP","url":"https:\/\/sarlsomep.fr\/","logo":{"@type":"ImageObject","inLanguage":"fr-FR","@id":"https:\/\/sarlsomep.fr\/#\/schema\/logo\/image\/","url":"https:\/\/sarlsomep.fr\/wp-content\/uploads\/2023\/03\/logosomep2023.png","contentUrl":"https:\/\/sarlsomep.fr\/wp-content\/uploads\/2023\/03\/logosomep2023.png","width":961,"height":501,"caption":"SOMEP"},"image":{"@id":"https:\/\/sarlsomep.fr\/#\/schema\/logo\/image\/"}}]}},"_links":{"self":[{"href":"https:\/\/sarlsomep.fr\/index.php?rest_route=\/wp\/v2\/pages\/7","targetHints":{"allow":["GET"]}}],"collection":[{"href":"https:\/\/sarlsomep.fr\/index.php?rest_route=\/wp\/v2\/pages"}],"about":[{"href":"https:\/\/sarlsomep.fr\/index.php?rest_route=\/wp\/v2\/types\/page"}],"author":[{"embeddable":true,"href":"https:\/\/sarlsomep.fr\/index.php?rest_route=\/wp\/v2\/users\/1"}],"replies":[{"embeddable":true,"href":"https:\/\/sarlsomep.fr\/index.php?rest_route=%2Fwp%2Fv2%2Fcomments&post=7"}],"version-history":[{"count":1,"href":"https:\/\/sarlsomep.fr\/index.php?rest_route=\/wp\/v2\/pages\/7\/revisions"}],"predecessor-version":[{"id":13,"href":"https:\/\/sarlsomep.fr\/index.php?rest_route=\/wp\/v2\/pages\/7\/revisions\/13"}],"wp:attachment":[{"href":"https:\/\/sarlsomep.fr\/index.php?rest_route=%2Fwp%2Fv2%2Fmedia&parent=7"}],"curies":[{"name":"wp","href":"https:\/\/api.w.org\/{rel}","templated":true}]}}